{"id":16025,"date":"2021-05-21T10:00:00","date_gmt":"2021-05-21T10:00:00","guid":{"rendered":"https:\/\/www.web-rr.de\/GHS-Buecherei\/?page_id=16025"},"modified":"2021-05-21T23:00:00","modified_gmt":"2021-05-21T23:00:00","slug":"p9783314105319","status":"publish","type":"page","link":"https:\/\/www.web-rr.de\/GHS-Buecherei\/index.php\/p9783314105319\/","title":{"rendered":"Bilderbuch A-145"},"content":{"rendered":"<table><tbody><tr><td class='rDTitel' colspan='2'>Wo ihr mich findet<\/td><\/tr><tr><td><span class='rDLabel1'>Status: <\/span><span class='rDText1Gruen'>vorhanden<\/span><\/td><td><span class='rDLabel1'>Antolin: <\/span><span class='rDText1Gruen'>ja, Empfehlung Klasse 2<\/span><\/td><\/tr><tr><td width=50%><img src='https:\/\/www.web-rr.de\/GHS-Buecherei\/wp-content\/uploads\/9783314105319.jpg' alt=''><\/td><td><p class='rDLabel2'>von <span class='rDText2'>Taltal Levi und Elisa Martins<\/span><\/p><p class='rDLabel2'>Verlag: <span class='rDText2'>NordS\u00fcd Verlag,  2020,  15.00 \u20ac<\/span><\/p><p class='rDLabel2'>B\u00fccherei-Barcode: <span class='rDText2'>9783314105319<\/span><\/p><p class='rDLabel2'>In der B\u00fccherei erfasst am: <span class='rDText2'>02.12.2022<\/span><\/p><p class='rDLabel2'>Stichw\u00f6rter: <span class='rDText2'>Natur, M\u00e4dchen, Pers\u00f6nlichkeit<\/span><\/p><p class='rDLabel2'>Lesealter ca. <span class='rDText2'>6<\/span><span class='rDLabel2'> Jahre<\/span><\/p><p class='rDLabel2'>Das Buch wurde <span class='rDText2'>0<\/span><span class='rDLabel2'> mal gelesen.<\/span><\/p><\/td><\/tr><tr><td colspan='2'><p class='rDLabel1'>Inhalt:<\/p><span class='rDText2'>Wenn das M\u00e4dchen sich langweilt oder die Laune im Keller ist, dann macht es sich auf zu deinem Lieblingsort am Meer. Seine F\u00fc\u00dfe tragen es fast automatisch, so vertraut ist ihm der Weg. Drau\u00dfen in der Natur sind bald alle Sorgen vergessen. Nur als es sich zum Schlafen hinlegt, wird ihm einmal kurz mulmig, denn in der Nacht scheint alles wie verwandelt. Am n\u00e4chsten Morgen aber warten gleich zwei sch\u00f6ne \u00dcberraschungen auf es: ein neu gewonnener Freund und die zwei Menschen, die ihm auf der Welt am allern\u00e4chsten sind. Taltal Levi gestaltet ihre Bilder in satten Farben und unterlegt sie mit zarten Strukturen, die an nat\u00fcrliche Materialien erinnern. In wenigen Worten erz\u00e4hlt sie die Geschichte eines M\u00e4dchens, das in der Natur sein Gl\u00fcck findet.<\/span><\/td><\/tr><tr><td colspan='2'><a href='#' onclick='history.back(); return false'>Zur\u00fcck<\/a><\/td><\/tr><\/tbody><\/table>\n","protected":false},"excerpt":{"rendered":"<p>&#8211;<\/p>\n","protected":false},"author":1,"featured_media":0,"parent":0,"menu_order":0,"comment_status":"closed","ping_status":"closed","template":"","meta":[],"_links":{"self":[{"href":"https:\/\/www.web-rr.de\/GHS-Buecherei\/index.php\/wp-json\/wp\/v2\/pages\/16025"}],"collection":[{"href":"https:\/\/www.web-rr.de\/GHS-Buecherei\/index.php\/wp-json\/wp\/v2\/pages"}],"about":[{"href":"https:\/\/www.web-rr.de\/GHS-Buecherei\/index.php\/wp-json\/wp\/v2\/types\/page"}],"author":[{"embeddable":true,"href":"https:\/\/www.web-rr.de\/GHS-Buecherei\/index.php\/wp-json\/wp\/v2\/users\/1"}],"replies":[{"embeddable":true,"href":"https:\/\/www.web-rr.de\/GHS-Buecherei\/index.php\/wp-json\/wp\/v2\/comments?post=16025"}],"version-history":[{"count":0,"href":"https:\/\/www.web-rr.de\/GHS-Buecherei\/index.php\/wp-json\/wp\/v2\/pages\/16025\/revisions"}],"wp:attachment":[{"href":"https:\/\/www.web-rr.de\/GHS-Buecherei\/index.php\/wp-json\/wp\/v2\/media?parent=16025"}],"curies":[{"name":"wp","href":"https:\/\/api.w.org\/{rel}","templated":true}]}}