{"id":16023,"date":"2021-05-21T10:00:00","date_gmt":"2021-05-21T10:00:00","guid":{"rendered":"https:\/\/www.web-rr.de\/GHS-Buecherei\/?page_id=16023"},"modified":"2021-05-21T23:00:00","modified_gmt":"2021-05-21T23:00:00","slug":"p9783779506393","status":"publish","type":"page","link":"https:\/\/www.web-rr.de\/GHS-Buecherei\/index.php\/p9783779506393\/","title":{"rendered":"Bilderbuch A-144"},"content":{"rendered":"<table><tbody><tr><td class='rDTitel' colspan='2'>Als die wilden Tiere bei uns einzogen<\/td><\/tr><tr><td><span class='rDLabel1'>Status: <\/span><span class='rDText1Gruen'>vorhanden<\/span><\/td><td><span class='rDLabel1'>Antolin: <\/span><span class='rDText1Gruen'>ja, Empfehlung Klasse 2<\/span><\/td><\/tr><tr><td width=50%><img src='https:\/\/www.web-rr.de\/GHS-Buecherei\/wp-content\/uploads\/9783779506393.jpg' alt=''><\/td><td><p class='rDLabel2'>von <span class='rDText2'>Didier L\u00e9vy, Katrin Stangl<\/span><\/p><p class='rDLabel2'>Verlag: <span class='rDText2'>Peter Hammer Verlag,  2020,  15.00 \u20ac<\/span><\/p><p class='rDLabel2'>B\u00fccherei-Barcode: <span class='rDText2'>9783779506393<\/span><\/p><p class='rDLabel2'>In der B\u00fccherei erfasst am: <span class='rDText2'>02.12.2022<\/span><\/p><p class='rDLabel2'>Stichw\u00f6rter: <span class='rDText2'>Freunde, Stadt, Land, Jagd, J\u00e4ger, Abenteuer<\/span><\/p><p class='rDLabel2'>Lesealter ca. <span class='rDText2'>7<\/span><span class='rDLabel2'> Jahre<\/span><\/p><p class='rDLabel2'>Das Buch wurde <span class='rDText2'>0<\/span><span class='rDLabel2'> mal gelesen.<\/span><\/p><\/td><\/tr><tr><td colspan='2'><p class='rDLabel1'>Inhalt:<\/p><span class='rDText2'>Der Junge, gerade von der Stadt aufs Land umgezogen, ist begeistert von seinem neuen Freund, bei Max zuhause ist einfach alles super! Da gibt es tonnenweise ungesunde Sachen, eine Spielkonsole und, weil Max` Vater zu den J\u00e4gern des Dorfes geh\u00f6rt, sogar einen Schrank mit Gewehren. Bei ihm daheim gibt es immer nur Gesundes, alles Bio. Am liebsten w\u00fcrde er sich von Max` Eltern adoptieren lassen. Doch dann, an einem Abend im Herbst, passiert Merkw\u00fcrdiges: B\u00e4ren, Wildschweine, Hirsche und Hasen kommen aus dem Wald und verstecken sich im Garten, denn die Jagdzeit beginnt! Schon tauchen die J\u00e4ger auf. Da pl\u00f6tzlich treten seine sonst so langweiligen Eltern auf den Plan und - kaum zu fassen - nichts bleibt, wie es war!<\/span><\/td><\/tr><tr><td colspan='2'><a href='#' onclick='history.back(); return false'>Zur\u00fcck<\/a><\/td><\/tr><\/tbody><\/table>\n","protected":false},"excerpt":{"rendered":"<p>&#8211;<\/p>\n","protected":false},"author":1,"featured_media":0,"parent":0,"menu_order":0,"comment_status":"closed","ping_status":"closed","template":"","meta":[],"_links":{"self":[{"href":"https:\/\/www.web-rr.de\/GHS-Buecherei\/index.php\/wp-json\/wp\/v2\/pages\/16023"}],"collection":[{"href":"https:\/\/www.web-rr.de\/GHS-Buecherei\/index.php\/wp-json\/wp\/v2\/pages"}],"about":[{"href":"https:\/\/www.web-rr.de\/GHS-Buecherei\/index.php\/wp-json\/wp\/v2\/types\/page"}],"author":[{"embeddable":true,"href":"https:\/\/www.web-rr.de\/GHS-Buecherei\/index.php\/wp-json\/wp\/v2\/users\/1"}],"replies":[{"embeddable":true,"href":"https:\/\/www.web-rr.de\/GHS-Buecherei\/index.php\/wp-json\/wp\/v2\/comments?post=16023"}],"version-history":[{"count":0,"href":"https:\/\/www.web-rr.de\/GHS-Buecherei\/index.php\/wp-json\/wp\/v2\/pages\/16023\/revisions"}],"wp:attachment":[{"href":"https:\/\/www.web-rr.de\/GHS-Buecherei\/index.php\/wp-json\/wp\/v2\/media?parent=16023"}],"curies":[{"name":"wp","href":"https:\/\/api.w.org\/{rel}","templated":true}]}}