{"id":16017,"date":"2021-05-21T10:00:00","date_gmt":"2021-05-21T10:00:00","guid":{"rendered":"https:\/\/www.web-rr.de\/GHS-Buecherei\/?page_id=16017"},"modified":"2021-05-21T23:00:00","modified_gmt":"2021-05-21T23:00:00","slug":"p9783964550873","status":"publish","type":"page","link":"https:\/\/www.web-rr.de\/GHS-Buecherei\/index.php\/p9783964550873\/","title":{"rendered":"Technik &#8211; Experimente 15"},"content":{"rendered":"<table><tbody><tr><td class='rDTitel' colspan='2'>Ph\u00e4noMINT K\u00fcchen-Experimente<\/td><\/tr><tr><td><span class='rDLabel1'>Status: <\/span><span class='rDText1Gruen'>vorhanden<\/span><\/td><td><span class='rDLabel1'>Antolin: <\/span><span class='rDText1Rot'>Quiz nicht vorhanden.<\/span><\/td><\/tr><tr><td width=50%><img src='https:\/\/www.web-rr.de\/GHS-Buecherei\/wp-content\/uploads\/9783964550873.jpg' alt=''><\/td><td><p class='rDLabel2'>von <span class='rDText2'>Nick Arnold<\/span><\/p><p class='rDLabel2'>Verlag: <span class='rDText2'>moses Verlag,  2020,  9.95 \u20ac<\/span><\/p><p class='rDLabel2'>B\u00fccherei-Barcode: <span class='rDText2'>9783964550873<\/span><\/p><p class='rDLabel2'>In der B\u00fccherei erfasst am: <span class='rDText2'>01.12.2022<\/span><\/p><p class='rDLabel2'>Stichw\u00f6rter: <span class='rDText2'>Wissenschaft, Hefe, Oberfl\u00e4chenspannung, Diffusion, Dichte<\/span><\/p><p class='rDLabel2'>Lesealter ca. <span class='rDText2'>9<\/span><span class='rDLabel2'> Jahre<\/span><\/p><p class='rDLabel2'>Das Buch wurde <span class='rDText2'>2<\/span><span class='rDLabel2'> mal gelesen.<\/span><\/p><\/td><\/tr><tr><td colspan='2'><p class='rDLabel1'>Inhalt:<\/p><span class='rDText2'>Wissenschaft zum Anfassen.\r\nMit den Ph\u00e4noMINT K\u00fcchen-Experimenten werden wissenschaftliche Ph\u00e4nomene mit Hilfe spannender Experimente und kurzer Texte kindgerecht erl\u00e4utert. So macht Lernen richtig Spa\u00df!\r\nWie funktioniert Oberfl\u00e4chenspannung? Warum wird der Toast braun? Was passiert, wenn Base und S\u00e4ure sich mischen? Wieso verdoppelt sich der Pizzateig durch Hefe?\r\nSo viele neugierige Fragen. Das Buch erkl\u00e4rt die naturwissenschaftlichen Ph\u00e4nomene spielend leicht und f\u00fchrt die kleinen Forscher Schritt f\u00fcr Schritt durch spannende Experimente. Denn um die faszinierende Welt von S\u00e4ure und Base und das Mischen und Trennen von Nahrungsmitteln besser verstehen zu k\u00f6nnen braucht es \u00fcberhaupt kein Labor. Utensilien schnappen und ab in K\u00fcche, dann kann das Experimentieren und Entdecken schon losgehen.\r\nDie Ph\u00e4noMINT K\u00fcchen-Experimente sind ein tolles Geschenk f\u00fcr neugierige Kinder ab 8 Jahren! Im Grundschulalter und auch dar\u00fcber hinaus k\u00f6nnen kleine Forscher auf eigene Faust die Welt der Naturwissenschaften entdecken. Ein sch\u00f6nes Buch als Geburtstagsgeschenk, zu Ostern oder als kleines Mitgebsel.<\/span><\/td><\/tr><tr><td colspan='2'><a href='#' onclick='history.back(); return false'>Zur\u00fcck<\/a><\/td><\/tr><\/tbody><\/table>\n","protected":false},"excerpt":{"rendered":"<p>&#8211;<\/p>\n","protected":false},"author":1,"featured_media":0,"parent":0,"menu_order":0,"comment_status":"closed","ping_status":"closed","template":"","meta":[],"_links":{"self":[{"href":"https:\/\/www.web-rr.de\/GHS-Buecherei\/index.php\/wp-json\/wp\/v2\/pages\/16017"}],"collection":[{"href":"https:\/\/www.web-rr.de\/GHS-Buecherei\/index.php\/wp-json\/wp\/v2\/pages"}],"about":[{"href":"https:\/\/www.web-rr.de\/GHS-Buecherei\/index.php\/wp-json\/wp\/v2\/types\/page"}],"author":[{"embeddable":true,"href":"https:\/\/www.web-rr.de\/GHS-Buecherei\/index.php\/wp-json\/wp\/v2\/users\/1"}],"replies":[{"embeddable":true,"href":"https:\/\/www.web-rr.de\/GHS-Buecherei\/index.php\/wp-json\/wp\/v2\/comments?post=16017"}],"version-history":[{"count":0,"href":"https:\/\/www.web-rr.de\/GHS-Buecherei\/index.php\/wp-json\/wp\/v2\/pages\/16017\/revisions"}],"wp:attachment":[{"href":"https:\/\/www.web-rr.de\/GHS-Buecherei\/index.php\/wp-json\/wp\/v2\/media?parent=16017"}],"curies":[{"name":"wp","href":"https:\/\/api.w.org\/{rel}","templated":true}]}}