{"id":16016,"date":"2021-05-21T10:00:00","date_gmt":"2021-05-21T10:00:00","guid":{"rendered":"https:\/\/www.web-rr.de\/GHS-Buecherei\/?page_id=16016"},"modified":"2021-05-21T23:00:00","modified_gmt":"2021-05-21T23:00:00","slug":"p9783831039425","status":"publish","type":"page","link":"https:\/\/www.web-rr.de\/GHS-Buecherei\/index.php\/p9783831039425\/","title":{"rendered":"Wimmelbilder 07"},"content":{"rendered":"<table><tbody><tr><td class='rDTitel' colspan='2'>Stell dir vor ...: Ein Wimmelbilderbuch zum Geschichten erfinden<\/td><\/tr><tr><td><span class='rDLabel1'>Status: <\/span><span class='rDText1Gruen'>vorhanden<\/span><\/td><td><span class='rDLabel1'>Antolin: <\/span><span class='rDText1Rot'>Quiz nicht vorhanden.<\/span><\/td><\/tr><tr><td width=50%><img src='https:\/\/www.web-rr.de\/GHS-Buecherei\/wp-content\/uploads\/9783831039425.jpg' alt=''><\/td><td><p class='rDLabel2'>von <span class='rDText2'>Pippa Goodhart und Nick Sharratt<\/span><\/p><p class='rDLabel2'>Verlag: <span class='rDText2'>Dorling Kindersley Verlag GmbH,  2020,  8.95 \u20ac<\/span><\/p><p class='rDLabel2'>B\u00fccherei-Barcode: <span class='rDText2'>9783831039425<\/span><\/p><p class='rDLabel2'>In der B\u00fccherei erfasst am: <span class='rDText2'>01.12.2022<\/span><\/p><p class='rDLabel2'>Stichw\u00f6rter: <span class='rDText2'>Wimmelbilder, Tr\u00e4ume, W\u00fcnsche<\/span><\/p><p class='rDLabel2'>Lesealter ca. <span class='rDText2'>6<\/span><span class='rDLabel2'> Jahre<\/span><\/p><p class='rDLabel2'>Das Buch wurde <span class='rDText2'>0<\/span><span class='rDLabel2'> mal gelesen.<\/span><\/p><\/td><\/tr><tr><td colspan='2'><p class='rDLabel1'>Inhalt:<\/p><span class='rDText2'>Kunterbuntes Wimmelbuch f\u00fcr kleine und gro\u00dfe Geschichten-Erz\u00e4hler!\r\nWenn du machen k\u00f6nntest, was du willst \u2013 was w\u00fcrdest du tun? Ans Meer fahren, im Dschungel leben, die Stadt sehen oder im Weltall schweben? Mit diesem originellen Wimmelbuch treffen Kinder ihre eigene Wahl und k\u00f6nnen sich die Welt ihrer Tr\u00e4ume ausmalen. Bunte, witzige Wimmelbilder regen ihre Fantasie an und laden dazu ein, \u00fcber ihre W\u00fcnsche zu reden.\r\n\u00dcber Tr\u00e4ume und W\u00fcnsche reden: Das Vorlese-Bilderbuch bietet wunderbare Gespr\u00e4chsanl\u00e4sse mit Kindern und f\u00f6rdert den Spracherwerb auf spielerische Weise.\r\n12 kunterbunte Wimmel-Doppelseiten: Wo w\u00fcrdest du gern wohnen? Was schmeckt dir? Welches Haustier h\u00e4ttest du gern? Mit diesem Wimmelbuch lassen Kinder ihrer Fantasie freien Lauf. Auf liebevoll gestalteten Wimmelbildern und anhand von offen gestellten Fragen bekommen sie zahlreiche Inspirationen, die zum Erz\u00e4hlen anregen. Ob als strickender Pilot im Leuchtturm oder als tanzende Forscherin im Pilzhaus \u2013 hier gibt es grenzenlose Kombinationsm\u00f6glichkeiten, um spannende Geschichten zu erfinden.<\/span><\/td><\/tr><tr><td colspan='2'><a href='#' onclick='history.back(); return false'>Zur\u00fcck<\/a><\/td><\/tr><\/tbody><\/table>\n","protected":false},"excerpt":{"rendered":"<p>&#8211;<\/p>\n","protected":false},"author":1,"featured_media":0,"parent":0,"menu_order":0,"comment_status":"closed","ping_status":"closed","template":"","meta":[],"_links":{"self":[{"href":"https:\/\/www.web-rr.de\/GHS-Buecherei\/index.php\/wp-json\/wp\/v2\/pages\/16016"}],"collection":[{"href":"https:\/\/www.web-rr.de\/GHS-Buecherei\/index.php\/wp-json\/wp\/v2\/pages"}],"about":[{"href":"https:\/\/www.web-rr.de\/GHS-Buecherei\/index.php\/wp-json\/wp\/v2\/types\/page"}],"author":[{"embeddable":true,"href":"https:\/\/www.web-rr.de\/GHS-Buecherei\/index.php\/wp-json\/wp\/v2\/users\/1"}],"replies":[{"embeddable":true,"href":"https:\/\/www.web-rr.de\/GHS-Buecherei\/index.php\/wp-json\/wp\/v2\/comments?post=16016"}],"version-history":[{"count":0,"href":"https:\/\/www.web-rr.de\/GHS-Buecherei\/index.php\/wp-json\/wp\/v2\/pages\/16016\/revisions"}],"wp:attachment":[{"href":"https:\/\/www.web-rr.de\/GHS-Buecherei\/index.php\/wp-json\/wp\/v2\/media?parent=16016"}],"curies":[{"name":"wp","href":"https:\/\/api.w.org\/{rel}","templated":true}]}}