{"id":16006,"date":"2021-05-21T10:00:00","date_gmt":"2021-05-21T10:00:00","guid":{"rendered":"https:\/\/www.web-rr.de\/GHS-Buecherei\/?page_id=16006"},"modified":"2021-05-21T23:00:00","modified_gmt":"2021-05-21T23:00:00","slug":"p9783948711054","status":"publish","type":"page","link":"https:\/\/www.web-rr.de\/GHS-Buecherei\/index.php\/p9783948711054\/","title":{"rendered":"Bilderbuch A-140"},"content":{"rendered":"<table><tbody><tr><td class='rDTitel' colspan='2'>Willi Winter: und das Geheimnis der verschwundenen Socken<\/td><\/tr><tr><td><span class='rDLabel1'>Status: <\/span><span class='rDText1Gruen'>vorhanden<\/span><\/td><td><span class='rDLabel1'>Antolin: <\/span><span class='rDText1Rot'>Quiz nicht vorhanden.<\/span><\/td><\/tr><tr><td width=50%><img src='https:\/\/www.web-rr.de\/GHS-Buecherei\/wp-content\/uploads\/9783948711054.jpg' alt=''><\/td><td><p class='rDLabel2'>von <span class='rDText2'>Iris Genenz<\/span><\/p><p class='rDLabel2'>Verlag: <span class='rDText2'>hws 1. Suhler Kinderbuchverlag,  2021,  13.80 \u20ac<\/span><\/p><p class='rDLabel2'>B\u00fccherei-Barcode: <span class='rDText2'>9783948711054<\/span><\/p><p class='rDLabel2'>In der B\u00fccherei erfasst am: <span class='rDText2'>11.11.2022<\/span><\/p><p class='rDLabel2'>Stichw\u00f6rter: <span class='rDText2'>Umwelt, Kanalisation, Abenteuer, Spannung<\/span><\/p><p class='rDLabel2'>Lesealter ca. <span class='rDText2'>7<\/span><span class='rDLabel2'> Jahre<\/span><\/p><p class='rDLabel2'>Das Buch wurde <span class='rDText2'>0<\/span><span class='rDLabel2'> mal gelesen.<\/span><\/p><\/td><\/tr><tr><td colspan='2'><p class='rDLabel1'>Inhalt:<\/p><span class='rDText2'>WILLI WINTER UND DAS GEHEIMNIS DER VERSCHWUNDENEN SOCKEN von Iris Genenz, ab 6 Jahren Sophie, eine begeisterte Handballerin, vermisst ihre Gl\u00fcckssocke, ohne die sie ihr Team nicht gut unterst\u00fctzen kann. Als sie nun ohne ihre Socken ein entscheidendes Spiel verliert, ist sie todungl\u00fccklich. Ihr Hamster Willi will helfen und begibt sich auf Spurensuche. Er entdeckt Ringel, einen frechen Sockenkobold. Bei einer aufregenden Reise durch die Kanalisation und das unterirdische Koboldland Strumpfdorfhausen, erleben die beiden auf der Suche nach der Gl\u00fcckssocke, ein turbulentes Abenteuer. Willi lernt durch Ringel, dass man nie aufgeben soll auch wenn man mal Angst hat und w\u00e4chst \u00fcber sich hinaus. Dieses Kinderbuch wurde von der Autorin selbst illustriert.<\/span><\/td><\/tr><tr><td colspan='2'><a href='#' onclick='history.back(); return false'>Zur\u00fcck<\/a><\/td><\/tr><\/tbody><\/table>\n","protected":false},"excerpt":{"rendered":"<p>&#8211;<\/p>\n","protected":false},"author":1,"featured_media":0,"parent":0,"menu_order":0,"comment_status":"closed","ping_status":"closed","template":"","meta":[],"_links":{"self":[{"href":"https:\/\/www.web-rr.de\/GHS-Buecherei\/index.php\/wp-json\/wp\/v2\/pages\/16006"}],"collection":[{"href":"https:\/\/www.web-rr.de\/GHS-Buecherei\/index.php\/wp-json\/wp\/v2\/pages"}],"about":[{"href":"https:\/\/www.web-rr.de\/GHS-Buecherei\/index.php\/wp-json\/wp\/v2\/types\/page"}],"author":[{"embeddable":true,"href":"https:\/\/www.web-rr.de\/GHS-Buecherei\/index.php\/wp-json\/wp\/v2\/users\/1"}],"replies":[{"embeddable":true,"href":"https:\/\/www.web-rr.de\/GHS-Buecherei\/index.php\/wp-json\/wp\/v2\/comments?post=16006"}],"version-history":[{"count":0,"href":"https:\/\/www.web-rr.de\/GHS-Buecherei\/index.php\/wp-json\/wp\/v2\/pages\/16006\/revisions"}],"wp:attachment":[{"href":"https:\/\/www.web-rr.de\/GHS-Buecherei\/index.php\/wp-json\/wp\/v2\/media?parent=16006"}],"curies":[{"name":"wp","href":"https:\/\/api.w.org\/{rel}","templated":true}]}}