{"id":16005,"date":"2021-05-21T10:00:00","date_gmt":"2021-05-21T10:00:00","guid":{"rendered":"https:\/\/www.web-rr.de\/GHS-Buecherei\/?page_id=16005"},"modified":"2021-05-21T23:00:00","modified_gmt":"2021-05-21T23:00:00","slug":"p9783866594067","status":"publish","type":"page","link":"https:\/\/www.web-rr.de\/GHS-Buecherei\/index.php\/p9783866594067\/","title":{"rendered":"Erde &#8211; Planet 29"},"content":{"rendered":"<table><tbody><tr><td class='rDTitel' colspan='2'>Entdecke Minerale & Gesteine<\/td><\/tr><tr><td><span class='rDLabel1'>Status: <\/span><span class='rDText1Gruen'>vorhanden<\/span><\/td><td><span class='rDLabel1'>Antolin: <\/span><span class='rDText1Rot'>Quiz nicht vorhanden.<\/span><\/td><\/tr><tr><td width=50%><img src='https:\/\/www.web-rr.de\/GHS-Buecherei\/wp-content\/uploads\/9783866594067.jpg' alt=''><\/td><td><p class='rDLabel2'>von <span class='rDText2'>Marlene Dreizler<\/span><\/p><p class='rDLabel2'>Verlag: <span class='rDText2'>Natur und Tier,  2019,  16.80 \u20ac<\/span><\/p><p class='rDLabel2'>B\u00fccherei-Barcode: <span class='rDText2'>9783866594067<\/span><\/p><p class='rDLabel2'>In der B\u00fccherei erfasst am: <span class='rDText2'>11.11.2022<\/span><\/p><p class='rDLabel2'>Stichw\u00f6rter: <span class='rDText2'>Minerale, Gesteine, Umwelt, Natur, Edelsteine, Meteoriten<\/span><\/p><p class='rDLabel2'>Lesealter ca. <span class='rDText2'>8<\/span><span class='rDLabel2'> Jahre<\/span><\/p><p class='rDLabel2'>Das Buch wurde <span class='rDText2'>0<\/span><span class='rDLabel2'> mal gelesen.<\/span><\/p><\/td><\/tr><tr><td colspan='2'><p class='rDLabel1'>Inhalt:<\/p><span class='rDText2'>Minerale und Gesteine haben die Menschen schon immer fasziniert, beispielsweise leuchtend bunte Edelsteine, die zur Herstellung von Schmuck verwendet werden. Aber nicht nur ihr Glanz und ihre Sch\u00f6nheit machen sie so eindrucksvoll, sondern auch die Geschichte ihrer Entstehung und das, was sie uns \u00fcber unsere Erde verraten. Aus dem Inhalt - Die Erforschung von Mineralen und Gesteinen - Gesteine, Minerale, Kristalle, Metalle \u2013 was die jeweiligen Begriffe bedeuten - Vom Aufbau der Erde und der Entstehung von Gesteinen - Verschiedene Sorten von Gesteinen - Meteoriten, Gesteine aus dem Weltall - Die Nutzung von Gesteinen und Mineralen: vom Baumaterial bis zum edlen Schmuckstein - Minerale sammeln Extra: Kristalle selber z\u00fcchten Extra: Gro\u00dfes Quiz der Minerale und Gesteineas, was sie uns \u00fcber unsere Erde verraten.<\/span><\/td><\/tr><tr><td colspan='2'><a href='#' onclick='history.back(); return false'>Zur\u00fcck<\/a><\/td><\/tr><\/tbody><\/table>\n","protected":false},"excerpt":{"rendered":"<p>&#8211;<\/p>\n","protected":false},"author":1,"featured_media":0,"parent":0,"menu_order":0,"comment_status":"closed","ping_status":"closed","template":"","meta":[],"_links":{"self":[{"href":"https:\/\/www.web-rr.de\/GHS-Buecherei\/index.php\/wp-json\/wp\/v2\/pages\/16005"}],"collection":[{"href":"https:\/\/www.web-rr.de\/GHS-Buecherei\/index.php\/wp-json\/wp\/v2\/pages"}],"about":[{"href":"https:\/\/www.web-rr.de\/GHS-Buecherei\/index.php\/wp-json\/wp\/v2\/types\/page"}],"author":[{"embeddable":true,"href":"https:\/\/www.web-rr.de\/GHS-Buecherei\/index.php\/wp-json\/wp\/v2\/users\/1"}],"replies":[{"embeddable":true,"href":"https:\/\/www.web-rr.de\/GHS-Buecherei\/index.php\/wp-json\/wp\/v2\/comments?post=16005"}],"version-history":[{"count":0,"href":"https:\/\/www.web-rr.de\/GHS-Buecherei\/index.php\/wp-json\/wp\/v2\/pages\/16005\/revisions"}],"wp:attachment":[{"href":"https:\/\/www.web-rr.de\/GHS-Buecherei\/index.php\/wp-json\/wp\/v2\/media?parent=16005"}],"curies":[{"name":"wp","href":"https:\/\/api.w.org\/{rel}","templated":true}]}}