{"id":16002,"date":"2021-05-21T10:00:00","date_gmt":"2021-05-21T10:00:00","guid":{"rendered":"https:\/\/www.web-rr.de\/GHS-Buecherei\/?page_id=16002"},"modified":"2021-05-21T23:00:00","modified_gmt":"2021-05-21T23:00:00","slug":"p9783446268104","status":"publish","type":"page","link":"https:\/\/www.web-rr.de\/GHS-Buecherei\/index.php\/p9783446268104\/","title":{"rendered":"Erde &#8211; Planet 26"},"content":{"rendered":"<table><tbody><tr><td class='rDTitel' colspan='2'>123 superschlaue Dinge, die du \u00fcber das Klima wissen musst<\/td><\/tr><tr><td><span class='rDLabel1'>Status: <\/span><span class='rDText1Gruen'>vorhanden<\/span><\/td><td><span class='rDLabel1'>Antolin: <\/span><span class='rDText1Gruen'>ja, Empfehlung Klasse 6<\/span><\/td><\/tr><tr><td width=50%><img src='https:\/\/www.web-rr.de\/GHS-Buecherei\/wp-content\/uploads\/9783446268104.jpg' alt=''><\/td><td><p class='rDLabel2'>von <span class='rDText2'>Mathilda Masters, Louize Perdieus<\/span><\/p><p class='rDLabel2'>Verlag: <span class='rDText2'>Carl Hanser Verlag GmbH,  2020,  18.00 \u20ac<\/span><\/p><p class='rDLabel2'>B\u00fccherei-Barcode: <span class='rDText2'>9783446268104<\/span><\/p><p class='rDLabel2'>In der B\u00fccherei erfasst am: <span class='rDText2'>11.11.2022<\/span><\/p><p class='rDLabel2'>Stichw\u00f6rter: <span class='rDText2'>Wald, Pflanzen, Umwelt, Kilma, Gletscher, Wasser<\/span><\/p><p class='rDLabel2'>Lesealter ca. <span class='rDText2'>9<\/span><span class='rDLabel2'> Jahre<\/span><\/p><p class='rDLabel2'>Das Buch wurde <span class='rDText2'>0<\/span><span class='rDLabel2'> mal gelesen.<\/span><\/p><\/td><\/tr><tr><td colspan='2'><p class='rDLabel1'>Inhalt:<\/p><span class='rDText2'>Band 3 des Bestsellers der \"Superschlaue Dinge\"-Reihe mit \u00fcberraschenden und wissenswerten Fakten \u00fcber das Klima und die Umwelt.\r\nNach den Bestsellern \u00fcber \"321 superschlaue Dinge\" enth\u00fcllt dieses originell gestaltete Sachbuch 123 \u00fcberraschende, witzige und wissenswerte Fakten zum Thema Klima und Umwelt. Wusstest du zum Beispiel, dass Haie das \u00dcberleben der Menschheit sichern? Oder dass jede Minute 17 Fu\u00dfballpl\u00e4tze Wald verschwinden? Wusstest du, dass das Wasser, das du trinkst, geschmolzenes Eis aus einem Gletscher sein k\u00f6nnte? Vielleicht hast du schon mal geh\u00f6rt, dass das R\u00fclpsen und Pupsen von K\u00fchen sch\u00e4dliches Methangas erzeugt. Und dass deine Zahnpasta, dein Shampoo und dein Pullover vielleicht Plastik enthalten. In diesem Band kann der Leser viel Wissenswertes \u00fcber die Welt entdecken \u2013 und er kann erfahren, wie wir sie lebenswert erhalten k\u00f6nnen.<\/span><\/td><\/tr><tr><td colspan='2'><a href='#' onclick='history.back(); return false'>Zur\u00fcck<\/a><\/td><\/tr><\/tbody><\/table>\n","protected":false},"excerpt":{"rendered":"<p>&#8211;<\/p>\n","protected":false},"author":1,"featured_media":0,"parent":0,"menu_order":0,"comment_status":"closed","ping_status":"closed","template":"","meta":[],"_links":{"self":[{"href":"https:\/\/www.web-rr.de\/GHS-Buecherei\/index.php\/wp-json\/wp\/v2\/pages\/16002"}],"collection":[{"href":"https:\/\/www.web-rr.de\/GHS-Buecherei\/index.php\/wp-json\/wp\/v2\/pages"}],"about":[{"href":"https:\/\/www.web-rr.de\/GHS-Buecherei\/index.php\/wp-json\/wp\/v2\/types\/page"}],"author":[{"embeddable":true,"href":"https:\/\/www.web-rr.de\/GHS-Buecherei\/index.php\/wp-json\/wp\/v2\/users\/1"}],"replies":[{"embeddable":true,"href":"https:\/\/www.web-rr.de\/GHS-Buecherei\/index.php\/wp-json\/wp\/v2\/comments?post=16002"}],"version-history":[{"count":0,"href":"https:\/\/www.web-rr.de\/GHS-Buecherei\/index.php\/wp-json\/wp\/v2\/pages\/16002\/revisions"}],"wp:attachment":[{"href":"https:\/\/www.web-rr.de\/GHS-Buecherei\/index.php\/wp-json\/wp\/v2\/media?parent=16002"}],"curies":[{"name":"wp","href":"https:\/\/api.w.org\/{rel}","templated":true}]}}