{"id":15992,"date":"2021-05-21T10:00:00","date_gmt":"2021-05-21T10:00:00","guid":{"rendered":"https:\/\/www.web-rr.de\/GHS-Buecherei\/?page_id=15992"},"modified":"2021-05-21T23:00:00","modified_gmt":"2021-05-21T23:00:00","slug":"p9783961284184","status":"publish","type":"page","link":"https:\/\/www.web-rr.de\/GHS-Buecherei\/index.php\/p9783961284184\/","title":{"rendered":"Jungen 35"},"content":{"rendered":"<table><tbody><tr><td class='rDTitel' colspan='2'>F\u00fcr den cleversten Jungen der Welt<\/td><\/tr><tr><td><span class='rDLabel1'>Status: <\/span><span class='rDText1Gruen'>vorhanden<\/span><\/td><td><span class='rDLabel1'>Antolin: <\/span><span class='rDText1Rot'>Quiz nicht vorhanden.<\/span><\/td><\/tr><tr><td width=50%><img src='https:\/\/www.web-rr.de\/GHS-Buecherei\/wp-content\/uploads\/9783961284184.jpg' alt=''><\/td><td><p class='rDLabel2'>von <span class='rDText2'>Philip Kiefer<\/span><\/p><p class='rDLabel2'>Verlag: <span class='rDText2'>Delphin,  2020,  6.99 \u20ac<\/span><\/p><p class='rDLabel2'>B\u00fccherei-Barcode: <span class='rDText2'>9783961284184<\/span><\/p><p class='rDLabel2'>In der B\u00fccherei erfasst am: <span class='rDText2'>09.11.2022<\/span><\/p><p class='rDLabel2'>Stichw\u00f6rter: <span class='rDText2'>Quiz, Wissen, Geschichte, Sport, Tiere, Umwelt, Politik, Internet<\/span><\/p><p class='rDLabel2'>Lesealter ca. <span class='rDText2'>8<\/span><span class='rDLabel2'> Jahre<\/span><\/p><p class='rDLabel2'>Das Buch wurde <span class='rDText2'>0<\/span><span class='rDLabel2'> mal gelesen.<\/span><\/p><\/td><\/tr><tr><td colspan='2'><p class='rDLabel1'>Inhalt:<\/p><span class='rDText2'>\u2022 150 spannende, verr\u00fcckte und witzige Quizfragen aus allen Wissensgebieten\r\n\u2022 Spielerischer Charakter durch Punktewertung und kniffliges Schlussr\u00e4tsel\r\n\u2022 Mit praktischer Frage- und Antwortseite\r\nQuizhelden aufgepasst! Hier kann man das eigene Wissen testen und erfahren, wie clever man wirklich ist. Von Geschichte, Sport und Tieren \u00fcber Umwelt, Politik und Internet bis hin zu lustigen Kuriosit\u00e4ten und vielem mehr - in diesem Quizbuch sind zahlreiche Fragen zu unterschiedlichen Themen versammelt: In welchem Computerspiel kann man aus w\u00fcrfelf\u00f6rmigen Bl\u00f6cken eine Fantasiewelt erbauen? Woher stammt die Sportart Baumstammwerfen? Oder welches Geisterschiff geistert der Sage nach bis in alle Ewigkeit \u00fcber die Weltmeere? Diese und viele weitere Fragen warten darauf beantwortet zu werden.\r\nVon relativ einfach bis schwer ist jeder Schwierigkeitsgrad vertreten und das Allgemeinwissen wird auf die Probe gestellt. Das Punktesystem verleiht dem Quizzen einen spielerischen Charakter und die Antwortseiten erm\u00f6glichen zudem eine schnelle und einfache Selbstkontrolle. Das Quizbuch kann man allein, mit der Familie oder seinen Freunden l\u00f6sen. Ein Muss f\u00fcr alle cleveren Jungsab 8 Jahren!<\/span><\/td><\/tr><tr><td colspan='2'><a href='#' onclick='history.back(); return false'>Zur\u00fcck<\/a><\/td><\/tr><\/tbody><\/table>\n","protected":false},"excerpt":{"rendered":"<p>&#8211;<\/p>\n","protected":false},"author":1,"featured_media":0,"parent":0,"menu_order":0,"comment_status":"closed","ping_status":"closed","template":"","meta":[],"_links":{"self":[{"href":"https:\/\/www.web-rr.de\/GHS-Buecherei\/index.php\/wp-json\/wp\/v2\/pages\/15992"}],"collection":[{"href":"https:\/\/www.web-rr.de\/GHS-Buecherei\/index.php\/wp-json\/wp\/v2\/pages"}],"about":[{"href":"https:\/\/www.web-rr.de\/GHS-Buecherei\/index.php\/wp-json\/wp\/v2\/types\/page"}],"author":[{"embeddable":true,"href":"https:\/\/www.web-rr.de\/GHS-Buecherei\/index.php\/wp-json\/wp\/v2\/users\/1"}],"replies":[{"embeddable":true,"href":"https:\/\/www.web-rr.de\/GHS-Buecherei\/index.php\/wp-json\/wp\/v2\/comments?post=15992"}],"version-history":[{"count":0,"href":"https:\/\/www.web-rr.de\/GHS-Buecherei\/index.php\/wp-json\/wp\/v2\/pages\/15992\/revisions"}],"wp:attachment":[{"href":"https:\/\/www.web-rr.de\/GHS-Buecherei\/index.php\/wp-json\/wp\/v2\/media?parent=15992"}],"curies":[{"name":"wp","href":"https:\/\/api.w.org\/{rel}","templated":true}]}}