{"id":15989,"date":"2021-05-21T10:00:00","date_gmt":"2021-05-21T10:00:00","guid":{"rendered":"https:\/\/www.web-rr.de\/GHS-Buecherei\/?page_id=15989"},"modified":"2021-05-21T23:00:00","modified_gmt":"2021-05-21T23:00:00","slug":"p9783981741216","status":"publish","type":"page","link":"https:\/\/www.web-rr.de\/GHS-Buecherei\/index.php\/p9783981741216\/","title":{"rendered":"Soziales 45"},"content":{"rendered":"<table><tbody><tr><td class='rDTitel' colspan='2'>Tierisch inklusiv!: Ein L\u00f6we auf Abenteuerreise<\/td><\/tr><tr><td><span class='rDLabel1'>Status: <\/span><span class='rDText1Gruen'>vorhanden<\/span><\/td><td><span class='rDLabel1'>Antolin: <\/span><span class='rDText1Rot'>Quiz nicht vorhanden.<\/span><\/td><\/tr><tr><td width=50%><img src='https:\/\/www.web-rr.de\/GHS-Buecherei\/wp-content\/uploads\/9783981741216.jpg' alt=''><\/td><td><p class='rDLabel2'>von <span class='rDText2'>Franziska Walther und Franziska H\u00f6hle<\/span><\/p><p class='rDLabel2'>Verlag: <span class='rDText2'>Behindertenverband Leipzig,  2020,  10.85 \u20ac<\/span><\/p><p class='rDLabel2'>B\u00fccherei-Barcode: <span class='rDText2'>9783981741216<\/span><\/p><p class='rDLabel2'>In der B\u00fccherei erfasst am: <span class='rDText2'>09.11.2022<\/span><\/p><p class='rDLabel2'>Stichw\u00f6rter: <span class='rDText2'>Behinderung, Freunde, Tiere, Reise<\/span><\/p><p class='rDLabel2'>Lesealter ca. <span class='rDText2'>8<\/span><span class='rDLabel2'> Jahre<\/span><\/p><p class='rDLabel2'>Das Buch wurde <span class='rDText2'>0<\/span><span class='rDLabel2'> mal gelesen.<\/span><\/p><\/td><\/tr><tr><td colspan='2'><p class='rDLabel1'>Inhalt:<\/p><span class='rDText2'>L\u00f6we Leons Geburtstagsparty f\u00e4ngt wild an und endet mit einer lustigen Idee. Er und seine Freunde wollen eine gro\u00dfe Reise machen. Das Abenteuer beginnt und Leon hat bald noch ein paar Freunde mehr. \u201eTierisch inklusiv!\u201c ist das dritte Kinderbuch des Behindertenverbandes Leipzig e.V. Der Rollstuhl fahrende L\u00f6we ist mit seinen Freunden in verschiedenen Orten Deutschlands unterwegs. Dort treffen sie auf andere Tiere. Manche von ihnen haben selbst eine Behinderung, andere nicht. Die Gestaltung des Buches wurde auf besondere Weise entwickelt. In Illustrationen und Fotografien flossen Kinderzeichnungen mit ein. Diese entstanden in einer inklusiven Kreativgruppe, die von der Illustratorin geleitet wurde.<\/span><\/td><\/tr><tr><td colspan='2'><a href='#' onclick='history.back(); return false'>Zur\u00fcck<\/a><\/td><\/tr><\/tbody><\/table>\n","protected":false},"excerpt":{"rendered":"<p>&#8211;<\/p>\n","protected":false},"author":1,"featured_media":0,"parent":0,"menu_order":0,"comment_status":"closed","ping_status":"closed","template":"","meta":[],"_links":{"self":[{"href":"https:\/\/www.web-rr.de\/GHS-Buecherei\/index.php\/wp-json\/wp\/v2\/pages\/15989"}],"collection":[{"href":"https:\/\/www.web-rr.de\/GHS-Buecherei\/index.php\/wp-json\/wp\/v2\/pages"}],"about":[{"href":"https:\/\/www.web-rr.de\/GHS-Buecherei\/index.php\/wp-json\/wp\/v2\/types\/page"}],"author":[{"embeddable":true,"href":"https:\/\/www.web-rr.de\/GHS-Buecherei\/index.php\/wp-json\/wp\/v2\/users\/1"}],"replies":[{"embeddable":true,"href":"https:\/\/www.web-rr.de\/GHS-Buecherei\/index.php\/wp-json\/wp\/v2\/comments?post=15989"}],"version-history":[{"count":0,"href":"https:\/\/www.web-rr.de\/GHS-Buecherei\/index.php\/wp-json\/wp\/v2\/pages\/15989\/revisions"}],"wp:attachment":[{"href":"https:\/\/www.web-rr.de\/GHS-Buecherei\/index.php\/wp-json\/wp\/v2\/media?parent=15989"}],"curies":[{"name":"wp","href":"https:\/\/api.w.org\/{rel}","templated":true}]}}