{"id":15982,"date":"2021-05-21T10:00:00","date_gmt":"2021-05-21T10:00:00","guid":{"rendered":"https:\/\/www.web-rr.de\/GHS-Buecherei\/?page_id=15982"},"modified":"2021-05-21T23:00:00","modified_gmt":"2021-05-21T23:00:00","slug":"p9783966987097","status":"publish","type":"page","link":"https:\/\/www.web-rr.de\/GHS-Buecherei\/index.php\/p9783966987097\/","title":{"rendered":"Fantasie 89"},"content":{"rendered":"<table><tbody><tr><td class='rDTitel' colspan='2'>Mary Melody und die verlorene Stimme<\/td><\/tr><tr><td><span class='rDLabel1'>Status: <\/span><span class='rDText1Gruen'>vorhanden<\/span><\/td><td><span class='rDLabel1'>Antolin: <\/span><span class='rDText1Gruen'>ja, Empfehlung Klasse 4<\/span><\/td><\/tr><tr><td width=50%><img src='https:\/\/www.web-rr.de\/GHS-Buecherei\/wp-content\/uploads\/9783966987097.jpg' alt=''><\/td><td><p class='rDLabel2'>von <span class='rDText2'>Karin Obermaier<\/span><\/p><p class='rDLabel2'>Verlag: <span class='rDText2'>Musikarin Verlag,  2020,  16.90 \u20ac<\/span><\/p><p class='rDLabel2'>B\u00fccherei-Barcode: <span class='rDText2'>9783966987097<\/span><\/p><p class='rDLabel2'>In der B\u00fccherei erfasst am: <span class='rDText2'>09.11.2022<\/span><\/p><p class='rDLabel2'>Stichw\u00f6rter: <span class='rDText2'>Zauberkraft, Musik, Singen,<\/span><\/p><p class='rDLabel2'>Lesealter ca. <span class='rDText2'>9<\/span><span class='rDLabel2'> Jahre<\/span><\/p><p class='rDLabel2'>Das Buch wurde <span class='rDText2'>1<\/span><span class='rDLabel2'> mal gelesen.<\/span><\/p><\/td><\/tr><tr><td colspan='2'><p class='rDLabel1'>Inhalt:<\/p><span class='rDText2'>Schon als Kind konnte Mary Melody mit ihrer Stimme alle Menschen verzaubern. Und das hat sich bis heute nicht ge\u00e4ndert. Wenn sie singt, verschwinden pl\u00f6tzlich alle Probleme wie von selbst. Mit dieser magischen Zauberkraft schafft sie es, Streit, Kummer und Hass aus der Welt zu vertreiben.\r\nDoch eines Tages ziehen dunkle Wolken auf! Als Anton Monauer, auch Mono Toni genannt, in ihre Klasse kommt, steht Mary vor einer gro\u00dfen Herausforderung. Denn leider hat auch er eine besondere F\u00e4higkeit: Toni kann den Menschen n\u00e4mlich ihre Singstimmen rauben. Mit dieser b\u00f6sen Macht will er die Musik aus der ganzen Welt verbannen.\r\nDoch das kann und will Mary einfach nicht zulassen!\r\nEine Geschichte \u00fcber die Kraft der Musik mit einem zauberhaften Finale. Zum Lesen, Erleben und Mitsingen f\u00fcr Kinder und Eltern. Inklusive CD.\r\nDas ganz Besondere an diesem Buch: Die 12 Songs sind Bestandteil der Geschichte.<\/span><\/td><\/tr><tr><td colspan='2'><a href='#' onclick='history.back(); return false'>Zur\u00fcck<\/a><\/td><\/tr><\/tbody><\/table>\n","protected":false},"excerpt":{"rendered":"<p>&#8211;<\/p>\n","protected":false},"author":1,"featured_media":0,"parent":0,"menu_order":0,"comment_status":"closed","ping_status":"closed","template":"","meta":[],"_links":{"self":[{"href":"https:\/\/www.web-rr.de\/GHS-Buecherei\/index.php\/wp-json\/wp\/v2\/pages\/15982"}],"collection":[{"href":"https:\/\/www.web-rr.de\/GHS-Buecherei\/index.php\/wp-json\/wp\/v2\/pages"}],"about":[{"href":"https:\/\/www.web-rr.de\/GHS-Buecherei\/index.php\/wp-json\/wp\/v2\/types\/page"}],"author":[{"embeddable":true,"href":"https:\/\/www.web-rr.de\/GHS-Buecherei\/index.php\/wp-json\/wp\/v2\/users\/1"}],"replies":[{"embeddable":true,"href":"https:\/\/www.web-rr.de\/GHS-Buecherei\/index.php\/wp-json\/wp\/v2\/comments?post=15982"}],"version-history":[{"count":0,"href":"https:\/\/www.web-rr.de\/GHS-Buecherei\/index.php\/wp-json\/wp\/v2\/pages\/15982\/revisions"}],"wp:attachment":[{"href":"https:\/\/www.web-rr.de\/GHS-Buecherei\/index.php\/wp-json\/wp\/v2\/media?parent=15982"}],"curies":[{"name":"wp","href":"https:\/\/api.w.org\/{rel}","templated":true}]}}