{"id":15980,"date":"2021-05-21T10:00:00","date_gmt":"2021-05-21T10:00:00","guid":{"rendered":"https:\/\/www.web-rr.de\/GHS-Buecherei\/?page_id=15980"},"modified":"2021-05-21T23:00:00","modified_gmt":"2021-05-21T23:00:00","slug":"p9783401604671","status":"publish","type":"page","link":"https:\/\/www.web-rr.de\/GHS-Buecherei\/index.php\/p9783401604671\/","title":{"rendered":"Fantasie 87"},"content":{"rendered":"<table><tbody><tr><td class='rDTitel' colspan='2'>Voll super, Helden (2). Was tun wir hier eigentlich?<\/td><\/tr><tr><td><span class='rDLabel1'>Status: <\/span><span class='rDText1Gruen'>vorhanden<\/span><\/td><td><span class='rDLabel1'>Antolin: <\/span><span class='rDText1Gruen'>ja, Empfehlung Klasse 4<\/span><\/td><\/tr><tr><td width=50%><img src='https:\/\/www.web-rr.de\/GHS-Buecherei\/wp-content\/uploads\/9783401604671.jpg' alt=''><\/td><td><p class='rDLabel2'>von <span class='rDText2'>R\u00fcdiger Bertram<\/span><\/p><p class='rDLabel2'>Verlag: <span class='rDText2'>Arena,  2020,  10.00 \u20ac<\/span><\/p><p class='rDLabel2'>B\u00fccherei-Barcode: <span class='rDText2'>9783401604671<\/span><\/p><p class='rDLabel2'>In der B\u00fccherei erfasst am: <span class='rDText2'>09.11.2022<\/span><\/p><p class='rDLabel2'>Stichw\u00f6rter: <span class='rDText2'>Ferien, Superhelden, R\u00f6ntgen-Laser-Brille, Abenteuer, Spannung<\/span><\/p><p class='rDLabel2'>Lesealter ca. <span class='rDText2'>8<\/span><span class='rDLabel2'> Jahre<\/span><\/p><p class='rDLabel2'>Das Buch wurde <span class='rDText2'>0<\/span><span class='rDLabel2'> mal gelesen.<\/span><\/p><\/td><\/tr><tr><td colspan='2'><p class='rDLabel1'>Inhalt:<\/p><span class='rDText2'>Juhu, endlich wieder Ferien - Juli kann es kaum erwarten mit seiner Cousine Jenny wieder ins Superhelden-Hotel ihres Onkels zu fahren. Wer wei\u00df, vielleicht wartet dort schon der n\u00e4chste Superheldeneinsatz auf die beiden?\r\nUnd wirklich: Der fiese Snakeman hat eine Armee mutierter Riesenkaninchen erschaffen, die mit ihren unterirdischen G\u00e4ngen eine Gro\u00dfstadt nach der anderen zum Einsturz bringen. Und da die echten Superhelden weiterhin schlaff am Pool liegen und Bruce spontan eine Alien-Invasion abwehren muss, m\u00fcssen Juli und Jenny eben wieder ran! Ausgestattet mit nichts als einer popeligen R\u00f6ntgen-Laser-Brille, mit der man durch Mauern, T\u00fcren und sogar durch Klamotten gucken kann (B\u00f6sewichte in Unterhosen: kein sch\u00f6ner Anblick!). Und noch w\u00e4hrend Juli sich fragt: \u201eWas tun wir hier eigentlich?\u201c, stecken er und Jenny schon mitten in einem rasanten Abenteuer rund um die Welt: durch die W\u00fcste \u00fcber London nach Paris! K\u00f6nnen Juli und Jenny den fiesen Schurken und seine Riesenkaninchen rechtzeitig stoppen?<\/span><\/td><\/tr><tr><td colspan='2'><a href='#' onclick='history.back(); return false'>Zur\u00fcck<\/a><\/td><\/tr><\/tbody><\/table>\n","protected":false},"excerpt":{"rendered":"<p>&#8211;<\/p>\n","protected":false},"author":1,"featured_media":0,"parent":0,"menu_order":0,"comment_status":"closed","ping_status":"closed","template":"","meta":[],"_links":{"self":[{"href":"https:\/\/www.web-rr.de\/GHS-Buecherei\/index.php\/wp-json\/wp\/v2\/pages\/15980"}],"collection":[{"href":"https:\/\/www.web-rr.de\/GHS-Buecherei\/index.php\/wp-json\/wp\/v2\/pages"}],"about":[{"href":"https:\/\/www.web-rr.de\/GHS-Buecherei\/index.php\/wp-json\/wp\/v2\/types\/page"}],"author":[{"embeddable":true,"href":"https:\/\/www.web-rr.de\/GHS-Buecherei\/index.php\/wp-json\/wp\/v2\/users\/1"}],"replies":[{"embeddable":true,"href":"https:\/\/www.web-rr.de\/GHS-Buecherei\/index.php\/wp-json\/wp\/v2\/comments?post=15980"}],"version-history":[{"count":0,"href":"https:\/\/www.web-rr.de\/GHS-Buecherei\/index.php\/wp-json\/wp\/v2\/pages\/15980\/revisions"}],"wp:attachment":[{"href":"https:\/\/www.web-rr.de\/GHS-Buecherei\/index.php\/wp-json\/wp\/v2\/media?parent=15980"}],"curies":[{"name":"wp","href":"https:\/\/api.w.org\/{rel}","templated":true}]}}