{"id":15975,"date":"2021-05-21T10:00:00","date_gmt":"2021-05-21T10:00:00","guid":{"rendered":"https:\/\/www.web-rr.de\/GHS-Buecherei\/?page_id=15975"},"modified":"2021-05-21T23:00:00","modified_gmt":"2021-05-21T23:00:00","slug":"p9783966640190","status":"publish","type":"page","link":"https:\/\/www.web-rr.de\/GHS-Buecherei\/index.php\/p9783966640190\/","title":{"rendered":"Kl-Verschiedene 53"},"content":{"rendered":"<table><tbody><tr><td class='rDTitel' colspan='2'>Das geheime Buch der Heinzelm\u00e4nnchen<\/td><\/tr><tr><td><span class='rDLabel1'>Status: <\/span><span class='rDText1Gruen'>vorhanden<\/span><\/td><td><span class='rDLabel1'>Antolin: <\/span><span class='rDText1Rot'>Quiz nicht vorhanden.<\/span><\/td><\/tr><tr><td width=50%><img src='https:\/\/www.web-rr.de\/GHS-Buecherei\/wp-content\/uploads\/9783966640190.jpg' alt=''><\/td><td><p class='rDLabel2'>von <span class='rDText2'>Rien Poortvliet und Will Huygen<\/span><\/p><p class='rDLabel2'>Verlag: <span class='rDText2'>Heel,  2020,  24.99 \u20ac<\/span><\/p><p class='rDLabel2'>B\u00fccherei-Barcode: <span class='rDText2'>9783966640190<\/span><\/p><p class='rDLabel2'>In der B\u00fccherei erfasst am: <span class='rDText2'>09.11.2022<\/span><\/p><p class='rDLabel2'>Stichw\u00f6rter: <span class='rDText2'>Zwerge, Sibirien, Lappland, M\u00e4rchen<\/span><\/p><p class='rDLabel2'>Lesealter ca. <span class='rDText2'>8<\/span><span class='rDLabel2'> Jahre<\/span><\/p><p class='rDLabel2'>Das Buch wurde <span class='rDText2'>0<\/span><span class='rDLabel2'> mal gelesen.<\/span><\/p><\/td><\/tr><tr><td colspan='2'><p class='rDLabel1'>Inhalt:<\/p><span class='rDText2'>Ein wundersch\u00f6nes Bilder- und Lesebuch zum Schm\u00f6kern und Schwelgen Gro\u00dfformatiger und reich illustrierter Geschenkband f\u00fcr Heinzelm\u00e4nnchen- und Zwergenfans und Liebhaber historischer Kinderb\u00fccher Ein Kunstbuch und Schatz im B\u00fccherregal \u201eKommt, wir haben Wichtiges zu besprechen.\u201c Mehr erfahren der niederl\u00e4ndische Natur- und Tiermaler Rien Poortvliet und sein Freund und Autor Wil Huygen erst einmal nicht, als die Heinzelm\u00e4nnchen mit ihnen Kontakt aufnehmen und die beiden M\u00e4nner bitten, sie in Lappland aufzusuchen. Auf Heinzelm\u00e4nnchengr\u00f6\u00dfe geschrumpft werden sie dort in die Geheimnisse dieser au\u00dfergew\u00f6hnlichen Gesch\u00f6pfe eingeweiht, bevor sie im Anschluss in Begleitung eines unfreundlichen und ruppigen Heinzelmannes nach Sibirien reisen m\u00fcssen. Was wird sie dort erwarten? Was hat es mit dem besonderen Auftrag auf sich, von dem die Heinzelm\u00e4nnchen sprechen und warum nur, ist ihr Begleiter \u00fcberhaupt nicht gut auf die beiden zu sprechen? Tauchen Sie ein in die fantastische Welt der Heinzelm\u00e4nnchen.<\/span><\/td><\/tr><tr><td colspan='2'><a href='#' onclick='history.back(); return false'>Zur\u00fcck<\/a><\/td><\/tr><\/tbody><\/table>\n","protected":false},"excerpt":{"rendered":"<p>&#8211;<\/p>\n","protected":false},"author":1,"featured_media":0,"parent":0,"menu_order":0,"comment_status":"closed","ping_status":"closed","template":"","meta":[],"_links":{"self":[{"href":"https:\/\/www.web-rr.de\/GHS-Buecherei\/index.php\/wp-json\/wp\/v2\/pages\/15975"}],"collection":[{"href":"https:\/\/www.web-rr.de\/GHS-Buecherei\/index.php\/wp-json\/wp\/v2\/pages"}],"about":[{"href":"https:\/\/www.web-rr.de\/GHS-Buecherei\/index.php\/wp-json\/wp\/v2\/types\/page"}],"author":[{"embeddable":true,"href":"https:\/\/www.web-rr.de\/GHS-Buecherei\/index.php\/wp-json\/wp\/v2\/users\/1"}],"replies":[{"embeddable":true,"href":"https:\/\/www.web-rr.de\/GHS-Buecherei\/index.php\/wp-json\/wp\/v2\/comments?post=15975"}],"version-history":[{"count":0,"href":"https:\/\/www.web-rr.de\/GHS-Buecherei\/index.php\/wp-json\/wp\/v2\/pages\/15975\/revisions"}],"wp:attachment":[{"href":"https:\/\/www.web-rr.de\/GHS-Buecherei\/index.php\/wp-json\/wp\/v2\/media?parent=15975"}],"curies":[{"name":"wp","href":"https:\/\/api.w.org\/{rel}","templated":true}]}}