{"id":15964,"date":"2021-05-21T10:00:00","date_gmt":"2021-05-21T10:00:00","guid":{"rendered":"https:\/\/www.web-rr.de\/GHS-Buecherei\/?page_id=15964"},"modified":"2021-05-21T23:00:00","modified_gmt":"2021-05-21T23:00:00","slug":"p9783851790177","status":"publish","type":"page","link":"https:\/\/www.web-rr.de\/GHS-Buecherei\/index.php\/p9783851790177\/","title":{"rendered":"M\u00e4dchen 18"},"content":{"rendered":"<table><tbody><tr><td class='rDTitel' colspan='2'>Die kleine Nini<\/td><\/tr><tr><td><span class='rDLabel1'>Status: <\/span><span class='rDText1Gruen'>vorhanden<\/span><\/td><td><span class='rDLabel1'>Antolin: <\/span><span class='rDText1Gruen'>ja, Empfehlung Klasse 4<\/span><\/td><\/tr><tr><td width=50%><img src='https:\/\/www.web-rr.de\/GHS-Buecherei\/wp-content\/uploads\/9783851790177.jpg' alt=''><\/td><td><p class='rDLabel2'>von <span class='rDText2'>Sophie Scherrer<\/span><\/p><p class='rDLabel2'>Verlag: <span class='rDText2'> Thiele & Brandst\u00e4tter Verlag,  2014,  12.00 \u20ac<\/span><\/p><p class='rDLabel2'>B\u00fccherei-Barcode: <span class='rDText2'>9783851790177<\/span><\/p><p class='rDLabel2'>In der B\u00fccherei erfasst am: <span class='rDText2'>08.11.2022<\/span><\/p><p class='rDLabel2'>Stichw\u00f6rter: <span class='rDText2'>Abenteuer, Geheimnis, Geheimagenten, Leben, Gedanken<\/span><\/p><p class='rDLabel2'>Lesealter ca. <span class='rDText2'>8<\/span><span class='rDLabel2'> Jahre<\/span><\/p><p class='rDLabel2'>Das Buch wurde <span class='rDText2'>0<\/span><span class='rDLabel2'> mal gelesen.<\/span><\/p><\/td><\/tr><tr><td colspan='2'><p class='rDLabel1'>Inhalt:<\/p><span class='rDText2'>Was ist sie denn nun: katholisch, evangelisch oder vegetarisch? Und wo ist \u00fcberhaupt Gott? Die kleine Nini macht sich so ihre eigenen Gedanken \u00fcber das Leben. Und wundert sich, wie teuer ein Meerschweinchen sein kann und warum Mama mit einem Geheimagenten ausgeht. Ihre kleine Welt ist voller Abenteuer! Doch egal, worum es geht: Nini hat viele Ideen und ein paar Geheimnisse, packt die Gelegenheiten beim Schopf, meistert alle Lebenslagen bravour\u00f6s und k\u00e4mpft sich mit viel Witz und Humor durch ihren Alltag. Geschrieben aus der Sicht eines achtj\u00e4hrigen M\u00e4dchens von heute, ist Nini ein Kind unserer Zeit. Einzige Tochter einer alleinerziehenden Mutter, w\u00fcnscht sie sich manchmal heimlich, dass es noch ein Happy-End zwischen ihren Eltern gibt, und wenn das nicht geht, dann wenigstens einen Hund.<\/span><\/td><\/tr><tr><td colspan='2'><a href='#' onclick='history.back(); return false'>Zur\u00fcck<\/a><\/td><\/tr><\/tbody><\/table>\n","protected":false},"excerpt":{"rendered":"<p>&#8211;<\/p>\n","protected":false},"author":1,"featured_media":0,"parent":0,"menu_order":0,"comment_status":"closed","ping_status":"closed","template":"","meta":[],"_links":{"self":[{"href":"https:\/\/www.web-rr.de\/GHS-Buecherei\/index.php\/wp-json\/wp\/v2\/pages\/15964"}],"collection":[{"href":"https:\/\/www.web-rr.de\/GHS-Buecherei\/index.php\/wp-json\/wp\/v2\/pages"}],"about":[{"href":"https:\/\/www.web-rr.de\/GHS-Buecherei\/index.php\/wp-json\/wp\/v2\/types\/page"}],"author":[{"embeddable":true,"href":"https:\/\/www.web-rr.de\/GHS-Buecherei\/index.php\/wp-json\/wp\/v2\/users\/1"}],"replies":[{"embeddable":true,"href":"https:\/\/www.web-rr.de\/GHS-Buecherei\/index.php\/wp-json\/wp\/v2\/comments?post=15964"}],"version-history":[{"count":0,"href":"https:\/\/www.web-rr.de\/GHS-Buecherei\/index.php\/wp-json\/wp\/v2\/pages\/15964\/revisions"}],"wp:attachment":[{"href":"https:\/\/www.web-rr.de\/GHS-Buecherei\/index.php\/wp-json\/wp\/v2\/media?parent=15964"}],"curies":[{"name":"wp","href":"https:\/\/api.w.org\/{rel}","templated":true}]}}