{"id":15963,"date":"2021-05-21T10:00:00","date_gmt":"2021-05-21T10:00:00","guid":{"rendered":"https:\/\/www.web-rr.de\/GHS-Buecherei\/?page_id=15963"},"modified":"2021-05-21T23:00:00","modified_gmt":"2021-05-21T23:00:00","slug":"p9783981798876","status":"publish","type":"page","link":"https:\/\/www.web-rr.de\/GHS-Buecherei\/index.php\/p9783981798876\/","title":{"rendered":"Soziales 39"},"content":{"rendered":"<table><tbody><tr><td class='rDTitel' colspan='2'>MALEDU - Magisches und Tragisches aus Oberwundertal.<\/td><\/tr><tr><td><span class='rDLabel1'>Status: <\/span><span class='rDText1Gruen'>vorhanden<\/span><\/td><td><span class='rDLabel1'>Antolin: <\/span><span class='rDText1Rot'>Quiz nicht vorhanden.<\/span><\/td><\/tr><tr><td width=50%><img src='https:\/\/www.web-rr.de\/GHS-Buecherei\/wp-content\/uploads\/9783981798876.jpg' alt=''><\/td><td><p class='rDLabel2'>von <span class='rDText2'>Alexandra Liese<\/span><\/p><p class='rDLabel2'>Verlag: <span class='rDText2'>Alexandra Liese Verlag,  2020,  20.00 \u20ac<\/span><\/p><p class='rDLabel2'>B\u00fccherei-Barcode: <span class='rDText2'>9783981798876<\/span><\/p><p class='rDLabel2'>In der B\u00fccherei erfasst am: <span class='rDText2'>08.11.2022<\/span><\/p><p class='rDLabel2'>Stichw\u00f6rter: <span class='rDText2'>Trennung, Magisches Tier, Probleme, Schule<\/span><\/p><p class='rDLabel2'>Lesealter ca. <span class='rDText2'>8<\/span><span class='rDLabel2'> Jahre<\/span><\/p><p class='rDLabel2'>Das Buch wurde <span class='rDText2'>0<\/span><span class='rDLabel2'> mal gelesen.<\/span><\/p><\/td><\/tr><tr><td colspan='2'><p class='rDLabel1'>Inhalt:<\/p><span class='rDText2'>Eigentlich wollte Ricky nach der Trennung ihrer Eltern zuerst nicht nach Oberwundertal umziehen. Doch bald bekommt sie Besuch von einem gr\u00fcnen, zotteligen Wesen mit sechs Pfoten, das in ihrem Schrank einzieht, Fischso\u00dfe trinkt und Spinnen knabbert. Das magische Tier bringt Ricky auf seine eigene lustige Weise dazu, mit Ihrem neuen Alltag fertig zu werden, indem sie jedes ihrer Probleme malt. Im Gegenzug bekommt es von Ricky endlich seinen gr\u00f6\u00dften Wunsch erf\u00fcllt: einen eigenen Namen. MALEDU.<\/span><\/td><\/tr><tr><td colspan='2'><a href='#' onclick='history.back(); return false'>Zur\u00fcck<\/a><\/td><\/tr><\/tbody><\/table>\n","protected":false},"excerpt":{"rendered":"<p>&#8211;<\/p>\n","protected":false},"author":1,"featured_media":0,"parent":0,"menu_order":0,"comment_status":"closed","ping_status":"closed","template":"","meta":[],"_links":{"self":[{"href":"https:\/\/www.web-rr.de\/GHS-Buecherei\/index.php\/wp-json\/wp\/v2\/pages\/15963"}],"collection":[{"href":"https:\/\/www.web-rr.de\/GHS-Buecherei\/index.php\/wp-json\/wp\/v2\/pages"}],"about":[{"href":"https:\/\/www.web-rr.de\/GHS-Buecherei\/index.php\/wp-json\/wp\/v2\/types\/page"}],"author":[{"embeddable":true,"href":"https:\/\/www.web-rr.de\/GHS-Buecherei\/index.php\/wp-json\/wp\/v2\/users\/1"}],"replies":[{"embeddable":true,"href":"https:\/\/www.web-rr.de\/GHS-Buecherei\/index.php\/wp-json\/wp\/v2\/comments?post=15963"}],"version-history":[{"count":0,"href":"https:\/\/www.web-rr.de\/GHS-Buecherei\/index.php\/wp-json\/wp\/v2\/pages\/15963\/revisions"}],"wp:attachment":[{"href":"https:\/\/www.web-rr.de\/GHS-Buecherei\/index.php\/wp-json\/wp\/v2\/media?parent=15963"}],"curies":[{"name":"wp","href":"https:\/\/api.w.org\/{rel}","templated":true}]}}