{"id":15962,"date":"2021-05-21T10:00:00","date_gmt":"2021-05-21T10:00:00","guid":{"rendered":"https:\/\/www.web-rr.de\/GHS-Buecherei\/?page_id=15962"},"modified":"2021-05-21T23:00:00","modified_gmt":"2021-05-21T23:00:00","slug":"p9783730817131","status":"publish","type":"page","link":"https:\/\/www.web-rr.de\/GHS-Buecherei\/index.php\/p9783730817131\/","title":{"rendered":"Soziales 38"},"content":{"rendered":"<table><tbody><tr><td class='rDTitel' colspan='2'>Das Gl\u00fccksauto Sonny und die R\u00fcsseltiere<\/td><\/tr><tr><td><span class='rDLabel1'>Status: <\/span><span class='rDText1Gruen'>vorhanden<\/span><\/td><td><span class='rDLabel1'>Antolin: <\/span><span class='rDText1Rot'>Quiz nicht vorhanden.<\/span><\/td><\/tr><tr><td width=50%><img src='https:\/\/www.web-rr.de\/GHS-Buecherei\/wp-content\/uploads\/9783730817131.jpg' alt=''><\/td><td><p class='rDLabel2'>von <span class='rDText2'>Karin Jenta<\/span><\/p><p class='rDLabel2'>Verlag: <span class='rDText2'> Isensee Verlag Oldenburg,  2020,  8.00 \u20ac<\/span><\/p><p class='rDLabel2'>B\u00fccherei-Barcode: <span class='rDText2'>9783730817131<\/span><\/p><p class='rDLabel2'>In der B\u00fccherei erfasst am: <span class='rDText2'>08.11.2022<\/span><\/p><p class='rDLabel2'>Stichw\u00f6rter: <span class='rDText2'>Afrika, Weisenkind, Sambia, Platikm\u00fcll, R\u00fcsseltiere<\/span><\/p><p class='rDLabel2'>Lesealter ca. <span class='rDText2'>8<\/span><span class='rDLabel2'> Jahre<\/span><\/p><p class='rDLabel2'>Das Buch wurde <span class='rDText2'>1<\/span><span class='rDLabel2'> mal gelesen.<\/span><\/p><\/td><\/tr><tr><td colspan='2'><p class='rDLabel1'>Inhalt:<\/p><span class='rDText2'>Tom ist ein Waisenkind aus Afrika. Er lebt seit einigen Jahren in Deutschland bei seinen neuen Eltern. In den Sommerferien besuchen sie mit dem Gl\u00fccksauto Sonny seine alte Heimat Sambia. Tom f\u00fchlt sich dort nicht wohl. Er hat Heimweh! Doch dann lernt er die kleine Zoe kennen. Ihre Trommelmusik mit den fremden Rhythmen und ihre T\u00e4nze faszinieren ihn. Ist das Gl\u00fccksauto Sonny krank? Der Sonnenstrahlauff\u00e4nger hat sich braun verf\u00e4rbt. Der Hund Struppi findet die Ursache. Zwei kleine graue R\u00fcsseltiere sind schuld. Keiner kennt diese unbekannten Tiere. Woher kommen sie, und warum sammeln sie Plastikm\u00fcll? Tom nennt die beiden R\u00fcsseltiere Polly und Kiki. Er beobachtet, dass sie sich mit anderen Tieren unterhalten k\u00f6nnen. \"Sprechen alle Tiere auf der Welt dieselbe Sprache oder sprechen sie in Deutschland Deutsch, in Amerika Englisch und in Griechenland Griechisch?\". Das m\u00f6chte Tom unbedingt herausbekommen. Aber wie?<\/span><\/td><\/tr><tr><td colspan='2'><a href='#' onclick='history.back(); return false'>Zur\u00fcck<\/a><\/td><\/tr><\/tbody><\/table>\n","protected":false},"excerpt":{"rendered":"<p>&#8211;<\/p>\n","protected":false},"author":1,"featured_media":0,"parent":0,"menu_order":0,"comment_status":"closed","ping_status":"closed","template":"","meta":[],"_links":{"self":[{"href":"https:\/\/www.web-rr.de\/GHS-Buecherei\/index.php\/wp-json\/wp\/v2\/pages\/15962"}],"collection":[{"href":"https:\/\/www.web-rr.de\/GHS-Buecherei\/index.php\/wp-json\/wp\/v2\/pages"}],"about":[{"href":"https:\/\/www.web-rr.de\/GHS-Buecherei\/index.php\/wp-json\/wp\/v2\/types\/page"}],"author":[{"embeddable":true,"href":"https:\/\/www.web-rr.de\/GHS-Buecherei\/index.php\/wp-json\/wp\/v2\/users\/1"}],"replies":[{"embeddable":true,"href":"https:\/\/www.web-rr.de\/GHS-Buecherei\/index.php\/wp-json\/wp\/v2\/comments?post=15962"}],"version-history":[{"count":0,"href":"https:\/\/www.web-rr.de\/GHS-Buecherei\/index.php\/wp-json\/wp\/v2\/pages\/15962\/revisions"}],"wp:attachment":[{"href":"https:\/\/www.web-rr.de\/GHS-Buecherei\/index.php\/wp-json\/wp\/v2\/media?parent=15962"}],"curies":[{"name":"wp","href":"https:\/\/api.w.org\/{rel}","templated":true}]}}