{"id":15957,"date":"2021-05-21T10:00:00","date_gmt":"2021-05-21T10:00:00","guid":{"rendered":"https:\/\/www.web-rr.de\/GHS-Buecherei\/?page_id=15957"},"modified":"2021-05-21T23:00:00","modified_gmt":"2021-05-21T23:00:00","slug":"p9783982271705","status":"publish","type":"page","link":"https:\/\/www.web-rr.de\/GHS-Buecherei\/index.php\/p9783982271705\/","title":{"rendered":"Erstlesen 124"},"content":{"rendered":"<table><tbody><tr><td class='rDTitel' colspan='2'>Linas gro\u00dfes Abenteuer<\/td><\/tr><tr><td><span class='rDLabel1'>Status: <\/span><span class='rDText1Gruen'>vorhanden<\/span><\/td><td><span class='rDLabel1'>Antolin: <\/span><span class='rDText1Rot'>Quiz nicht vorhanden.<\/span><\/td><\/tr><tr><td width=50%><img src='https:\/\/www.web-rr.de\/GHS-Buecherei\/wp-content\/uploads\/9783982271705.jpg' alt=''><\/td><td><p class='rDLabel2'>von <span class='rDText2'>Irina G\u00f6tz\r\nIrina G\u00f6tz<\/span><\/p><p class='rDLabel2'>Verlag: <span class='rDText2'>AnLe Verlag,  2021,  13.95 \u20ac<\/span><\/p><p class='rDLabel2'>B\u00fccherei-Barcode: <span class='rDText2'>9783982271705<\/span><\/p><p class='rDLabel2'>In der B\u00fccherei erfasst am: <span class='rDText2'>08.11.2022<\/span><\/p><p class='rDLabel2'>Stichw\u00f6rter: <span class='rDText2'>Abenteuer, Einhorn, Mut, Freundschaft, Glaube, Freundin<\/span><\/p><p class='rDLabel2'>Lesealter ca. <span class='rDText2'>6<\/span><span class='rDLabel2'> Jahre<\/span><\/p><p class='rDLabel2'>Das Buch wurde <span class='rDText2'>0<\/span><span class='rDLabel2'> mal gelesen.<\/span><\/p><\/td><\/tr><tr><td colspan='2'><p class='rDLabel1'>Inhalt:<\/p><span class='rDText2'>Eine herzliche Geschichte \u00fcber Freundschaft, Mut und den Glauben an sich selbst.\r\nSchenken wir unseren Kindern den Glauben an sich selbst und er\u00f6ffnen ihnen so die zauberhafte Welt des positiven Denkens. Wie? Mit der magischen Kraft von herzlichen Geschichten. Lina ist ein ganz normales M\u00e4dchen. Sie ist 8 Jahre alt und geht in die 2. Klasse. Doch leider f\u00fchlt sich Lina sehr einsam und w\u00fcnscht sich eine beste Freundin. Eines Tages ist sie auf dem Spielplatz, wo sie eine zauberhafte Entdeckung macht. Das liebe Einhorn Happy ist in die Menschenwelt geplumpst. Das wundersch\u00f6ne Einhorn entpuppt sich als ein echter Sorgenfresser. Und so entfacht ein herzliches Abenteuer voller Spa\u00df, Mut, St\u00e4rke, Freundschaft und einer ganz besonderen magischen Kraft - den Glauben an sich selbst.<\/span><\/td><\/tr><tr><td colspan='2'><a href='#' onclick='history.back(); return false'>Zur\u00fcck<\/a><\/td><\/tr><\/tbody><\/table>\n","protected":false},"excerpt":{"rendered":"<p>&#8211;<\/p>\n","protected":false},"author":1,"featured_media":0,"parent":0,"menu_order":0,"comment_status":"closed","ping_status":"closed","template":"","meta":[],"_links":{"self":[{"href":"https:\/\/www.web-rr.de\/GHS-Buecherei\/index.php\/wp-json\/wp\/v2\/pages\/15957"}],"collection":[{"href":"https:\/\/www.web-rr.de\/GHS-Buecherei\/index.php\/wp-json\/wp\/v2\/pages"}],"about":[{"href":"https:\/\/www.web-rr.de\/GHS-Buecherei\/index.php\/wp-json\/wp\/v2\/types\/page"}],"author":[{"embeddable":true,"href":"https:\/\/www.web-rr.de\/GHS-Buecherei\/index.php\/wp-json\/wp\/v2\/users\/1"}],"replies":[{"embeddable":true,"href":"https:\/\/www.web-rr.de\/GHS-Buecherei\/index.php\/wp-json\/wp\/v2\/comments?post=15957"}],"version-history":[{"count":0,"href":"https:\/\/www.web-rr.de\/GHS-Buecherei\/index.php\/wp-json\/wp\/v2\/pages\/15957\/revisions"}],"wp:attachment":[{"href":"https:\/\/www.web-rr.de\/GHS-Buecherei\/index.php\/wp-json\/wp\/v2\/media?parent=15957"}],"curies":[{"name":"wp","href":"https:\/\/api.w.org\/{rel}","templated":true}]}}