{"id":15777,"date":"2021-05-21T10:00:00","date_gmt":"2021-05-21T10:00:00","guid":{"rendered":"https:\/\/www.web-rr.de\/GHS-Buecherei\/?page_id=15777"},"modified":"2021-05-21T23:00:00","modified_gmt":"2021-05-21T23:00:00","slug":"p9783522302555","status":"publish","type":"page","link":"https:\/\/www.web-rr.de\/GHS-Buecherei\/index.php\/p9783522302555\/","title":{"rendered":"Religion 116"},"content":{"rendered":"<table><tbody><tr><td class='rDTitel' colspan='2'>Die gro\u00dfe Suche<\/td><\/tr><tr><td><span class='rDLabel1'>Status: <\/span><span class='rDText1Gruen'>vorhanden<\/span><\/td><td><span class='rDLabel1'>Antolin: <\/span><span class='rDText1Gruen'>ja, Empfehlung Klasse 2<\/span><\/td><\/tr><tr><td width=50%><img src='https:\/\/www.web-rr.de\/GHS-Buecherei\/wp-content\/uploads\/9783522302555.jpg' alt=''><\/td><td><p class='rDLabel2'>von <span class='rDText2'>J\u00f6rg Isermeyer<\/span><\/p><p class='rDLabel2'>Verlag: <span class='rDText2'>Gabriel,  2012,  13.40 \u20ac<\/span><\/p><p class='rDLabel2'>B\u00fccherei-Barcode: <span class='rDText2'>9783522302555<\/span><\/p><p class='rDLabel2'>In der B\u00fccherei erfasst am: <span class='rDText2'>26.11.2021<\/span><\/p><p class='rDLabel2'>Stichw\u00f6rter: <span class='rDText2'>Gott, Fragen<\/span><\/p><p class='rDLabel2'>Lesealter ca. <span class='rDText2'>6<\/span><span class='rDLabel2'> Jahre<\/span><\/p><p class='rDLabel2'>Das Buch wurde <span class='rDText2'>0<\/span><span class='rDLabel2'> mal gelesen.<\/span><\/p><\/td><\/tr><tr><td colspan='2'><p class='rDLabel1'>Inhalt:<\/p><span class='rDText2'>Max hat so viele Fragen! Und seine Mutter kann ihm nicht alle beantworten. Aber was hat sie gemurmelt, \"das wei\u00df Gott allein\"? Es gibt also jemanden, der ihm helfen kann. Nur wo kann Max Gott finden und wie sieht der \u00fcberhaupt aus? Antworten bekommt er viele: Vom Hund, von der Katze, der zotteligen Ratte, der dicken Kr\u00f6te, dem Fisch und dem Vogel. Ob Max nun wei\u00df, wie Gott ist und wo er ihn findet?<\/span><\/td><\/tr><tr><td colspan='2'><a href='#' onclick='history.back(); return false'>Zur\u00fcck<\/a><\/td><\/tr><\/tbody><\/table>\n","protected":false},"excerpt":{"rendered":"<p>&#8211;<\/p>\n","protected":false},"author":1,"featured_media":0,"parent":0,"menu_order":0,"comment_status":"closed","ping_status":"closed","template":"","meta":[],"_links":{"self":[{"href":"https:\/\/www.web-rr.de\/GHS-Buecherei\/index.php\/wp-json\/wp\/v2\/pages\/15777"}],"collection":[{"href":"https:\/\/www.web-rr.de\/GHS-Buecherei\/index.php\/wp-json\/wp\/v2\/pages"}],"about":[{"href":"https:\/\/www.web-rr.de\/GHS-Buecherei\/index.php\/wp-json\/wp\/v2\/types\/page"}],"author":[{"embeddable":true,"href":"https:\/\/www.web-rr.de\/GHS-Buecherei\/index.php\/wp-json\/wp\/v2\/users\/1"}],"replies":[{"embeddable":true,"href":"https:\/\/www.web-rr.de\/GHS-Buecherei\/index.php\/wp-json\/wp\/v2\/comments?post=15777"}],"version-history":[{"count":0,"href":"https:\/\/www.web-rr.de\/GHS-Buecherei\/index.php\/wp-json\/wp\/v2\/pages\/15777\/revisions"}],"wp:attachment":[{"href":"https:\/\/www.web-rr.de\/GHS-Buecherei\/index.php\/wp-json\/wp\/v2\/media?parent=15777"}],"curies":[{"name":"wp","href":"https:\/\/api.w.org\/{rel}","templated":true}]}}